{"id":90,"date":"2018-01-22T10:39:09","date_gmt":"2018-01-22T12:39:09","guid":{"rendered":"http:\/\/nutridados.com\/site\/?page_id=90"},"modified":"2021-05-23T10:48:44","modified_gmt":"2021-05-23T13:48:44","slug":"sobre","status":"publish","type":"page","link":"https:\/\/nutridados.com\/site\/sobre\/","title":{"rendered":"Sobre"},"content":{"rendered":"<p>[vc_row equal_height=&#8221;yes&#8221;][vc_column width=&#8221;1\/2&#8243; icons_position=&#8221;left&#8221;][vc_single_image image=&#8221;1603&#8243; img_size=&#8221;full&#8221;][vc_empty_space height=&#8221;80px&#8221; alter_height=&#8221;none&#8221; hide_on_wide=&#8221;&#8221; hide_on_desktop=&#8221;1&#8243; hide_on_notebook=&#8221;1&#8243; hide_on_tablet=&#8221;&#8221; hide_on_mobile=&#8221;1&#8243;][vc_empty_space height=&#8221;30px&#8221; alter_height=&#8221;none&#8221; hide_on_wide=&#8221;&#8221; hide_on_desktop=&#8221;1&#8243; hide_on_notebook=&#8221;1&#8243; hide_on_tablet=&#8221;1&#8243; hide_on_mobile=&#8221;&#8221;][\/vc_column][vc_column width=&#8221;1\/2&#8243; hide_bg_image_on_tablet=&#8221;&#8221; hide_bg_image_on_mobile=&#8221;&#8221; icons_position=&#8221;left&#8221; css=&#8221;.vc_custom_1538486605489{margin-top: -13px !important;}&#8221;]<div id=\"sc_title_227595301\"\n\t\tclass=\"sc_title sc_title_default\"><h6 class=\"sc_item_subtitle sc_title_subtitle sc_align_left sc_item_title_style_default\">\u201cMuito disciplinada e focada em resultados\u201d<\/h6><h2 class=\"sc_item_title sc_title_title sc_align_left sc_item_title_style_default\">Quem \u00e9 Tania Alves Nutricionista?<\/h2><div class=\"sc_item_descr sc_title_descr sc_align_left\"><p>Sempre \u00e9 desafiador falar sobre si, mas desafios me movem, por isso vou contar um pouco sobre a minha hist\u00f3ria.<\/p>\n<p>Eu sou a Tania, uma pessoa extremamente apaixonada por estilo de vida saud\u00e1vel.. Formada em nutri\u00e7\u00e3o desde 2007, sou natural do Rio de Janeiro, mas embarquei numa aventura viking em 2009 e fui morar na Noruega, um pa\u00eds com uma realidade completamente diferente da nossa<\/p>\n<p>Na Noruega, enfrentei muitos desafios tanto na minha vida pessoal quanto profissional, mas o que mais me marcou, foi o desafio em rela\u00e7\u00e3o \u00e0 minha sa\u00fade. muitos foram os desafios de vida e sa\u00fade. Aprender um novo idioma, conhecer uma nova cultura, me familiarizar com um sistema de sa\u00fade bastante diferente do nosso foram apenas algumas das barreiras que enfrentei. Por alguns anos pensei at\u00e9 mesmo em desistir da Nutri\u00e7\u00e3o, mas o chamado para Nutri\u00e7\u00e3o e Estilo de Vida Saud\u00e1vel foi mais forte. Hoje tenho o privil\u00e9gio de palestrar na Noruega sobre Nutri\u00e7\u00e3o no idioma local!<\/p>\n<p>Tudo contribuiu para o meu crescimento como pessoa e profissional. Nesse site voc\u00ea encontra dicas, dados, an\u00e1lises e reflex\u00f5es que fazem parte da minha jornada e que podem contribuir para a sua trajet\u00f3ria rumo a uma vida melhor.<\/p>\n<p>Muito disciplinada e focada em resultados, busquei aprimorar meus conhecimentos me especializando em: Practioner em Programa\u00e7\u00e3o Neurolingu\u00edstica, Master Coaching e tamb\u00e9m p\u00f3s-gradua\u00e7\u00e3o em Nutri\u00e7\u00e3o Cl\u00ednica com enfoque em Endocrinologia, Transtornos Alimentares e Obesidade. Al\u00e9m de participar de congressos, workshops e trabalhos volunt\u00e1rios.<\/p>\n<\/div><\/div><!-- \/.sc_title -->[vc_empty_space height=&#8221;130px&#8221; alter_height=&#8221;none&#8221; hide_on_wide=&#8221;&#8221; hide_on_desktop=&#8221;&#8221; hide_on_notebook=&#8221;&#8221; hide_on_tablet=&#8221;1&#8243; hide_on_mobile=&#8221;1&#8243;][vc_empty_space height=&#8221;80px&#8221; alter_height=&#8221;none&#8221; hide_on_wide=&#8221;&#8221; hide_on_desktop=&#8221;1&#8243; hide_on_notebook=&#8221;1&#8243; hide_on_tablet=&#8221;&#8221; hide_on_mobile=&#8221;1&#8243;][vc_empty_space height=&#8221;60px&#8221; alter_height=&#8221;none&#8221; hide_on_wide=&#8221;&#8221; hide_on_desktop=&#8221;1&#8243; hide_on_notebook=&#8221;1&#8243; hide_on_tablet=&#8221;1&#8243; hide_on_mobile=&#8221;&#8221;][\/vc_column][\/vc_row][vc_row equal_height=&#8221;yes&#8221;][vc_column width=&#8221;1\/2&#8243; hide_bg_image_on_tablet=&#8221;&#8221; hide_bg_image_on_mobile=&#8221;&#8221; icons_position=&#8221;left&#8221; css=&#8221;.vc_custom_1538486605489{margin-top: -13px !important;}&#8221;]<div id=\"sc_title_1527490387\"\n\t\tclass=\"sc_title sc_title_default\"><h6 class=\"sc_item_subtitle sc_title_subtitle sc_align_left sc_item_title_style_default\">\u201cn\u00e3o dar espa\u00e7o para alimentos ultraprocessados\u201d<\/h6><h2 class=\"sc_item_title sc_title_title sc_align_left sc_item_title_style_default\">Na d\u00favida, coma COMIDA DE VERDADE sempre<\/h2><div class=\"sc_item_descr sc_title_descr sc_align_left\"><p>Nas \u00faltimas d\u00e9cadas o foco em recomenda\u00e7\u00f5es nutricionais foi voltado para componentes e elementos presentes do alimento. Por exemplo: evite gordura saturada, com X% de carboidratos, reduza o consumo de s\u00f3dio, e por a\u00ed ia ...<\/p>\n<p>O Brasil hoje est\u00e1 \u00e0 frente e usa como recomenda\u00e7\u00e3o comer alimentos in natura ou minimamente processados.<\/p>\n<p>Finalmente chegou a era de voltar o nosso olhar para o nosso passado e tradi\u00e7\u00f5es e comer COMIDA DE VERDADE. E n\u00e3o dar espa\u00e7o para alimentos ultraprocessados e nocivos \u00e0 nossa sa\u00fade. Essa \u00e9 a minha prerrogativa como Nutricionista \u2013 promover o consumo de comida de verdade, sempre!<\/p>\n<\/div><\/div><!-- \/.sc_title -->[vc_empty_space height=&#8221;130px&#8221; alter_height=&#8221;none&#8221; hide_on_wide=&#8221;&#8221; hide_on_desktop=&#8221;&#8221; hide_on_notebook=&#8221;&#8221; hide_on_tablet=&#8221;1&#8243; hide_on_mobile=&#8221;1&#8243;][vc_empty_space height=&#8221;80px&#8221; alter_height=&#8221;none&#8221; hide_on_wide=&#8221;&#8221; hide_on_desktop=&#8221;1&#8243; hide_on_notebook=&#8221;1&#8243; hide_on_tablet=&#8221;&#8221; hide_on_mobile=&#8221;1&#8243;][vc_empty_space height=&#8221;60px&#8221; alter_height=&#8221;none&#8221; hide_on_wide=&#8221;&#8221; hide_on_desktop=&#8221;1&#8243; hide_on_notebook=&#8221;1&#8243; hide_on_tablet=&#8221;1&#8243; hide_on_mobile=&#8221;&#8221;][\/vc_column][vc_column width=&#8221;1\/2&#8243; icons_position=&#8221;left&#8221;]<div id=\"widget_video_1390390257\" class=\"widget_area sc_widget_video vc_widget_video wpb_content_element\"><aside id=\"widget_video_1390390257_widget\" class=\"widget widget_video\"><div id=\"sc_video_1794189672\" class=\"trx_addons_video_player without_cover\"><div class=\"video_embed video_frame\"><iframe loading=\"lazy\" title=\"A dica de Ouro da Nutri\u00e7\u00e3o\" width=\"1280\" height=\"720\" src=\"https:\/\/www.youtube.com\/embed\/a9RevWT8h2Y?feature=oembed\"  allow=\"accelerometer; autoplay; clipboard-write; encrypted-media; gyroscope; picture-in-picture\" allowfullscreen><\/iframe><\/div><\/div><\/aside><\/div>[vc_empty_space height=&#8221;80px&#8221; alter_height=&#8221;none&#8221; hide_on_wide=&#8221;&#8221; hide_on_desktop=&#8221;1&#8243; hide_on_notebook=&#8221;1&#8243; hide_on_tablet=&#8221;&#8221; hide_on_mobile=&#8221;1&#8243;][vc_empty_space height=&#8221;30px&#8221; alter_height=&#8221;none&#8221; hide_on_wide=&#8221;&#8221; hide_on_desktop=&#8221;1&#8243; hide_on_notebook=&#8221;1&#8243; hide_on_tablet=&#8221;1&#8243; hide_on_mobile=&#8221;&#8221;][\/vc_column][\/vc_row][vc_row equal_height=&#8221;yes&#8221;][vc_column width=&#8221;1\/2&#8243; hide_bg_image_on_tablet=&#8221;&#8221; hide_bg_image_on_mobile=&#8221;&#8221; icons_position=&#8221;left&#8221; css=&#8221;.vc_custom_1538486605489{margin-top: -13px !important;}&#8221;]<div id=\"sc_title_2010532379\"\n\t\tclass=\"sc_title sc_title_default\"><h6 class=\"sc_item_subtitle sc_title_subtitle sc_align_left sc_item_title_style_default\">\u201cMe encontrei nesse mundo t\u00e3o fascinante\u201d<\/h6><h2 class=\"sc_item_title sc_title_title sc_align_left sc_item_title_style_default\">Por que escolhi a Nutri\u00e7\u00e3o?<\/h2><div class=\"sc_item_descr sc_title_descr sc_align_left\"><p>Quando iniciei na Faculdade com apenas 17 anos a d\u00favida sobre qual curso seguir foi marcante. Na verdade, eu queria fazer algo voltado para licenciatura ou comunica\u00e7\u00e3o. Lembro-me que na \u00e9poca os meus amigos ficaram surpresos pela decis\u00e3o de cursar Nutri\u00e7\u00e3o, apesar de saberem que eu vivia de dieta por conta dos meus problemas com sobrepeso. Que grata foi a surpresa de me encontrar nesse mundo t\u00e3o fascinante de vitaminas, minerais, macronutrientes, bioqu\u00edmica, abordagens comportamentais, c\u00e1lculos e calor humano,<\/p>\n<\/div><\/div><!-- \/.sc_title -->[vc_empty_space height=&#8221;130px&#8221; alter_height=&#8221;none&#8221; hide_on_wide=&#8221;&#8221; hide_on_desktop=&#8221;&#8221; hide_on_notebook=&#8221;&#8221; hide_on_tablet=&#8221;1&#8243; hide_on_mobile=&#8221;1&#8243;][vc_empty_space height=&#8221;80px&#8221; alter_height=&#8221;none&#8221; hide_on_wide=&#8221;&#8221; hide_on_desktop=&#8221;1&#8243; hide_on_notebook=&#8221;1&#8243; hide_on_tablet=&#8221;&#8221; hide_on_mobile=&#8221;1&#8243;][vc_empty_space height=&#8221;60px&#8221; alter_height=&#8221;none&#8221; hide_on_wide=&#8221;&#8221; hide_on_desktop=&#8221;1&#8243; hide_on_notebook=&#8221;1&#8243; hide_on_tablet=&#8221;1&#8243; hide_on_mobile=&#8221;&#8221;][\/vc_column][vc_column width=&#8221;1\/2&#8243; icons_position=&#8221;left&#8221;]<div id=\"widget_video_1393277735\" class=\"widget_area sc_widget_video vc_widget_video wpb_content_element\"><aside id=\"widget_video_1393277735_widget\" class=\"widget widget_video\"><div id=\"sc_video_422353913\" class=\"trx_addons_video_player without_cover\"><div class=\"video_embed video_frame\"><iframe loading=\"lazy\" title=\"Por que eu escolhi a Nutri\u00e7\u00e3o?\" width=\"1280\" height=\"720\" src=\"https:\/\/www.youtube.com\/embed\/Q3sjXgF8D00?feature=oembed\"  allow=\"accelerometer; autoplay; clipboard-write; encrypted-media; gyroscope; picture-in-picture\" allowfullscreen><\/iframe><\/div><\/div><\/aside><\/div>[vc_empty_space height=&#8221;80px&#8221; alter_height=&#8221;none&#8221; hide_on_wide=&#8221;&#8221; hide_on_desktop=&#8221;1&#8243; hide_on_notebook=&#8221;1&#8243; hide_on_tablet=&#8221;&#8221; hide_on_mobile=&#8221;1&#8243;][vc_empty_space height=&#8221;30px&#8221; alter_height=&#8221;none&#8221; hide_on_wide=&#8221;&#8221; hide_on_desktop=&#8221;1&#8243; hide_on_notebook=&#8221;1&#8243; hide_on_tablet=&#8221;1&#8243; hide_on_mobile=&#8221;&#8221;][\/vc_column][\/vc_row][vc_row][vc_column icons_position=&#8221;left&#8221;][vc_empty_space height=&#8221;75px&#8221; alter_height=&#8221;none&#8221; hide_on_wide=&#8221;&#8221; hide_on_desktop=&#8221;&#8221; hide_on_notebook=&#8221;&#8221; hide_on_tablet=&#8221;&#8221; hide_on_mobile=&#8221;1&#8243;][vc_empty_space height=&#8221;60px&#8221; alter_height=&#8221;none&#8221; hide_on_wide=&#8221;&#8221; hide_on_desktop=&#8221;1&#8243; hide_on_notebook=&#8221;1&#8243; hide_on_tablet=&#8221;1&#8243; hide_on_mobile=&#8221;&#8221;]<div id=\"sc_title_206697385\"\n\t\tclass=\"sc_title sc_title_icon\"><h6 class=\"sc_item_subtitle sc_title_subtitle sc_align_center sc_item_title_style_icon\">sobre mim<\/h6><h2 class=\"sc_item_title sc_title_title sc_align_center sc_item_title_style_icon sc_item_title_tag\">Alguns n\u00fameros<\/h2><\/div><!-- \/.sc_title -->[vc_empty_space height=&#8221;68px&#8221; alter_height=&#8221;none&#8221; hide_on_wide=&#8221;&#8221; hide_on_desktop=&#8221;&#8221; hide_on_notebook=&#8221;&#8221; hide_on_tablet=&#8221;1&#8243; hide_on_mobile=&#8221;1&#8243;][vc_empty_space height=&#8221;30px&#8221; alter_height=&#8221;none&#8221; hide_on_wide=&#8221;&#8221; hide_on_desktop=&#8221;1&#8243; hide_on_notebook=&#8221;1&#8243; hide_on_tablet=&#8221;&#8221; hide_on_mobile=&#8221;&#8221;]<div id=\"sc_skills_1630097167\"\n\t\tclass=\"sc_skills sc_skills_counter\"\n\t\t\t\tdata-type=\"counter\"\n\t\t><div class=\"sc_skills_columns sc_item_columns trx_addons_columns_wrap columns_padding_bottom\"><div class=\"sc_skills_column trx_addons_column-1_4\"><div class=\"sc_skills_item_wrap\"><div class=\"sc_skills_item\"><div class=\"sc_skills_total\" data-start=\"0\" data-stop=\"14\" data-step=\"10\" data-max=\"1000\" data-speed=\"10\" data-duration=\"14\" data-ed=\"\">0<\/div><\/div><div class=\"sc_skills_item_title\">Anos de experi\u00eancia<\/div><\/div><\/div><div class=\"sc_skills_column trx_addons_column-1_4\"><div class=\"sc_skills_item_wrap\"><div class=\"sc_skills_item\"><div class=\"sc_skills_total\" data-start=\"0\" data-stop=\"80\" data-step=\"10\" data-max=\"1000\" data-speed=\"22\" data-duration=\"176\" data-ed=\"\">0<\/div><\/div><div class=\"sc_skills_item_title\">Artigos publicados<\/div><\/div><\/div><div class=\"sc_skills_column trx_addons_column-1_4\"><div class=\"sc_skills_item_wrap\"><div class=\"sc_skills_item\"><div class=\"sc_skills_total\" data-start=\"0\" data-stop=\"3281\" data-step=\"10\" data-max=\"1000\" data-speed=\"16\" data-duration=\"5250\" data-ed=\"\">0<\/div><\/div><div class=\"sc_skills_item_title\">Clientes Felizes e Saud\u00e1veis<\/div><\/div><\/div><div class=\"sc_skills_column trx_addons_column-1_4\"><div class=\"sc_skills_item_wrap\"><div class=\"sc_skills_item\"><div class=\"sc_skills_total\" data-start=\"0\" data-stop=\"12\" data-step=\"10\" data-max=\"1000\" data-speed=\"13\" data-duration=\"16\" data-ed=\"\">0<\/div><\/div><div class=\"sc_skills_item_title\">Cursos e workshops<\/div><\/div><\/div><\/div><\/div>[vc_empty_space height=&#8221;95px&#8221; alter_height=&#8221;none&#8221; hide_on_wide=&#8221;&#8221; hide_on_desktop=&#8221;&#8221; hide_on_notebook=&#8221;&#8221; hide_on_tablet=&#8221;1&#8243; hide_on_mobile=&#8221;1&#8243;][vc_empty_space height=&#8221;80px&#8221; alter_height=&#8221;none&#8221; hide_on_wide=&#8221;&#8221; hide_on_desktop=&#8221;1&#8243; hide_on_notebook=&#8221;1&#8243; hide_on_tablet=&#8221;&#8221; hide_on_mobile=&#8221;1&#8243;][vc_empty_space height=&#8221;60px&#8221; alter_height=&#8221;none&#8221; hide_on_wide=&#8221;&#8221; hide_on_desktop=&#8221;1&#8243; hide_on_notebook=&#8221;1&#8243; hide_on_tablet=&#8221;1&#8243; hide_on_mobile=&#8221;&#8221;][\/vc_column][\/vc_row][vc_row full_width=&#8221;stretch_row&#8221; hide_bg_image_on_tablet=&#8221;&#8221; hide_bg_image_on_mobile=&#8221;&#8221; row_delimiter=&#8221;&#8221; row_hide_unfixed=&#8221;&#8221; hide_on_wide=&#8221;&#8221; hide_on_desktop=&#8221;&#8221; hide_on_notebook=&#8221;&#8221; hide_on_tablet=&#8221;&#8221; hide_on_mobile=&#8221;1&#8243; hide_on_frontpage=&#8221;&#8221; hide_on_singular=&#8221;&#8221; hide_on_other=&#8221;&#8221; css=&#8221;.vc_custom_1591192550923{background-image: url(https:\/\/nutridados.com\/site\/wp-content\/uploads\/2018\/01\/bg-25-copyright-1.jpg?id=1534) !important;background-position: top left !important;background-repeat: no-repeat !important;background-size: cover !important;}&#8221;][vc_column width=&#8221;1\/2&#8243; scheme=&#8221;default&#8221; icons_position=&#8221;left&#8221;][vc_empty_space height=&#8221;120px&#8221; alter_height=&#8221;none&#8221; hide_on_wide=&#8221;&#8221; hide_on_desktop=&#8221;&#8221; hide_on_notebook=&#8221;&#8221; hide_on_tablet=&#8221;1&#8243; hide_on_mobile=&#8221;1&#8243;][vc_empty_space height=&#8221;80px&#8221; alter_height=&#8221;none&#8221; hide_on_wide=&#8221;&#8221; hide_on_desktop=&#8221;1&#8243; hide_on_notebook=&#8221;1&#8243; hide_on_tablet=&#8221;&#8221; hide_on_mobile=&#8221;1&#8243;][vc_empty_space height=&#8221;60px&#8221; alter_height=&#8221;none&#8221; hide_on_wide=&#8221;&#8221; hide_on_desktop=&#8221;1&#8243; hide_on_notebook=&#8221;1&#8243; hide_on_tablet=&#8221;1&#8243; hide_on_mobile=&#8221;&#8221;]<div id=\"sc_title_646027443\"\n\t\tclass=\"sc_title sc_title_default\"><h2 class=\"sc_item_title sc_title_title sc_align_left sc_item_title_style_default sc_item_title_tag\">Ainda tem d\u00favidas<\/h2><\/div><!-- \/.sc_title -->[vc_empty_space height=&#8221;28px&#8221; alter_height=&#8221;none&#8221; hide_on_wide=&#8221;&#8221; hide_on_desktop=&#8221;&#8221; hide_on_notebook=&#8221;&#8221; hide_on_tablet=&#8221;&#8221; hide_on_mobile=&#8221;&#8221;][vc_column_text]<\/p>\n<p style=\"text-align: left;\">Como posso te ajudar?<\/p>\n<p>[\/vc_column_text][vc_empty_space height=&#8221;48px&#8221; alter_height=&#8221;none&#8221; hide_on_wide=&#8221;&#8221; hide_on_desktop=&#8221;&#8221; hide_on_notebook=&#8221;&#8221; hide_on_tablet=&#8221;&#8221; hide_on_mobile=&#8221;&#8221;]\n<div class=\"wpcf7 no-js\" id=\"wpcf7-f5-o1\" lang=\"en-US\" dir=\"ltr\">\n<div class=\"screen-reader-response\"><p role=\"status\" aria-live=\"polite\" aria-atomic=\"true\"><\/p> <ul><\/ul><\/div>\n<form action=\"\/site\/wp-json\/wp\/v2\/pages\/90#wpcf7-f5-o1\" method=\"post\" class=\"wpcf7-form init\" aria-label=\"Contact form\" novalidate=\"novalidate\" data-status=\"init\">\n<div style=\"display: none;\">\n<input type=\"hidden\" name=\"_wpcf7\" value=\"5\" \/>\n<input type=\"hidden\" name=\"_wpcf7_version\" value=\"5.9.3\" \/>\n<input type=\"hidden\" name=\"_wpcf7_locale\" value=\"en_US\" \/>\n<input type=\"hidden\" name=\"_wpcf7_unit_tag\" value=\"wpcf7-f5-o1\" \/>\n<input type=\"hidden\" name=\"_wpcf7_container_post\" value=\"0\" \/>\n<input type=\"hidden\" name=\"_wpcf7_posted_data_hash\" value=\"\" \/>\n<input type=\"hidden\" name=\"_wpcf7_recaptcha_response\" value=\"\" \/>\n<\/div>\n<div class=\"vc_col-sm-12\">\n\t<p><label><br \/>\n<span class=\"wpcf7-form-control-wrap\" data-name=\"your-name\"><input size=\"40\" class=\"wpcf7-form-control wpcf7-text wpcf7-validates-as-required\" aria-required=\"true\" aria-invalid=\"false\" placeholder=\"Digite seu nome\" value=\"\" type=\"text\" name=\"your-name\" \/><\/span><br \/>\n<\/label>\n\t<\/p>\n<\/div>\n<div class=\"vc_col-sm-12\">\n\t<p><label><br \/>\n<span class=\"wpcf7-form-control-wrap\" data-name=\"your-email\"><input size=\"40\" class=\"wpcf7-form-control wpcf7-email wpcf7-validates-as-required wpcf7-text wpcf7-validates-as-email\" aria-required=\"true\" aria-invalid=\"false\" placeholder=\"Digite seu e-mail\" value=\"\" type=\"email\" name=\"your-email\" \/><\/span><br \/>\n<\/label>\n\t<\/p>\n<\/div>\n<div class=\"vc_col-sm-12\">\n\t<p><label><br \/>\n<span class=\"wpcf7-form-control-wrap\" data-name=\"your-message\"><textarea cols=\"40\" rows=\"10\" class=\"wpcf7-form-control wpcf7-textarea\" aria-invalid=\"false\" placeholder=\"Escreva sua mensagem\" name=\"your-message\"><\/textarea><\/span><br \/>\n<\/label>\n\t<\/p>\n<\/div>\n<div class=\"text-center vc_col-sm-12\">\n\t<p><span class=\"wpcf7-form-control-wrap\" data-name=\"acceptance-486\"><span class=\"wpcf7-form-control wpcf7-acceptance\"><span class=\"wpcf7-list-item\"><label><input type=\"checkbox\" name=\"acceptance-486\" value=\"1\" aria-invalid=\"false\" \/><span class=\"wpcf7-list-item-label\">Eu concordo que meus dados enviados est\u00e3o sendo coletados e armazenados.<\/span><\/label><\/span><\/span><\/span>\n\t<\/p>\n<\/div>\n<div class=\"vc_col-sm-12 text-center\">\n\t<p><input class=\"wpcf7-form-control wpcf7-submit has-spinner\" type=\"submit\" value=\"Enviar\" \/>\n\t<\/p>\n<\/div><p style=\"display: none !important;\" class=\"akismet-fields-container\" data-prefix=\"_wpcf7_ak_\"><label>&#916;<textarea name=\"_wpcf7_ak_hp_textarea\" cols=\"45\" rows=\"8\" maxlength=\"100\"><\/textarea><\/label><input type=\"hidden\" id=\"ak_js_1\" name=\"_wpcf7_ak_js\" value=\"164\"\/><script>document.getElementById( \"ak_js_1\" ).setAttribute( \"value\", ( new Date() ).getTime() );<\/script><\/p><div class=\"wpcf7-response-output\" aria-hidden=\"true\"><\/div>\n<\/form>\n<\/div>\n[vc_empty_space height=&#8221;100px&#8221; alter_height=&#8221;none&#8221; hide_on_wide=&#8221;&#8221; hide_on_desktop=&#8221;&#8221; hide_on_notebook=&#8221;&#8221; hide_on_tablet=&#8221;1&#8243; hide_on_mobile=&#8221;1&#8243;][vc_empty_space height=&#8221;80px&#8221; alter_height=&#8221;none&#8221; hide_on_wide=&#8221;&#8221; hide_on_desktop=&#8221;1&#8243; hide_on_notebook=&#8221;1&#8243; hide_on_tablet=&#8221;&#8221; hide_on_mobile=&#8221;1&#8243;][vc_empty_space height=&#8221;60px&#8221; alter_height=&#8221;none&#8221; hide_on_wide=&#8221;&#8221; hide_on_desktop=&#8221;1&#8243; hide_on_notebook=&#8221;1&#8243; hide_on_tablet=&#8221;1&#8243; hide_on_mobile=&#8221;&#8221;][\/vc_column][vc_column width=&#8221;1\/2&#8243; icons_position=&#8221;left&#8221;][\/vc_column][\/vc_row][vc_row full_width=&#8221;stretch_row&#8221; hide_bg_image_on_tablet=&#8221;&#8221; hide_bg_image_on_mobile=&#8221;&#8221; row_delimiter=&#8221;&#8221; row_hide_unfixed=&#8221;&#8221; hide_on_wide=&#8221;&#8221; hide_on_desktop=&#8221;1&#8243; hide_on_notebook=&#8221;1&#8243; hide_on_tablet=&#8221;1&#8243; hide_on_mobile=&#8221;&#8221; hide_on_frontpage=&#8221;&#8221; hide_on_singular=&#8221;&#8221; hide_on_other=&#8221;&#8221; css=&#8221;.vc_custom_1542893941494{background-color: #f0eae5 !important;background-size: cover !important;}&#8221;][vc_column width=&#8221;1\/2&#8243; scheme=&#8221;default&#8221; icons_position=&#8221;left&#8221;][vc_empty_space height=&#8221;120px&#8221; alter_height=&#8221;none&#8221; hide_on_wide=&#8221;&#8221; hide_on_desktop=&#8221;&#8221; hide_on_notebook=&#8221;&#8221; hide_on_tablet=&#8221;1&#8243; hide_on_mobile=&#8221;1&#8243;][vc_empty_space height=&#8221;80px&#8221; alter_height=&#8221;none&#8221; hide_on_wide=&#8221;&#8221; hide_on_desktop=&#8221;1&#8243; hide_on_notebook=&#8221;1&#8243; hide_on_tablet=&#8221;&#8221; hide_on_mobile=&#8221;1&#8243;][vc_empty_space height=&#8221;60px&#8221; alter_height=&#8221;none&#8221; hide_on_wide=&#8221;&#8221; hide_on_desktop=&#8221;1&#8243; hide_on_notebook=&#8221;1&#8243; hide_on_tablet=&#8221;1&#8243; hide_on_mobile=&#8221;&#8221;]<div id=\"sc_title_957989042\"\n\t\tclass=\"sc_title sc_title_default\"><h2 class=\"sc_item_title sc_title_title sc_align_left sc_item_title_style_default sc_item_title_tag\">Contact Me<\/h2><\/div><!-- \/.sc_title -->[vc_empty_space height=&#8221;28px&#8221; alter_height=&#8221;none&#8221; hide_on_wide=&#8221;&#8221; hide_on_desktop=&#8221;&#8221; hide_on_notebook=&#8221;&#8221; hide_on_tablet=&#8221;&#8221; hide_on_mobile=&#8221;&#8221;][vc_column_text]<\/p>\n<p style=\"text-align: left;\">Lorem ipsum dolor sit amet, consectetur adipiscing elit. Sed ac nunc elit. In vel elit eu sapien vestibulum gravida nec in augue. Phasellus eget tempor massa.<\/p>\n<p>[\/vc_column_text][vc_empty_space height=&#8221;48px&#8221; alter_height=&#8221;none&#8221; hide_on_wide=&#8221;&#8221; hide_on_desktop=&#8221;&#8221; hide_on_notebook=&#8221;&#8221; hide_on_tablet=&#8221;&#8221; hide_on_mobile=&#8221;&#8221;]<p class=\"wpcf7-contact-form-not-found\"><strong>Erro:<\/strong> Formul\u00e1rio de contato n\u00e3o encontrado.<\/p>[vc_empty_space height=&#8221;100px&#8221; alter_height=&#8221;none&#8221; hide_on_wide=&#8221;&#8221; hide_on_desktop=&#8221;&#8221; hide_on_notebook=&#8221;&#8221; hide_on_tablet=&#8221;1&#8243; hide_on_mobile=&#8221;1&#8243;][vc_empty_space height=&#8221;80px&#8221; alter_height=&#8221;none&#8221; hide_on_wide=&#8221;&#8221; hide_on_desktop=&#8221;1&#8243; hide_on_notebook=&#8221;1&#8243; hide_on_tablet=&#8221;&#8221; hide_on_mobile=&#8221;1&#8243;][vc_empty_space height=&#8221;60px&#8221; alter_height=&#8221;none&#8221; hide_on_wide=&#8221;&#8221; hide_on_desktop=&#8221;1&#8243; hide_on_notebook=&#8221;1&#8243; hide_on_tablet=&#8221;1&#8243; hide_on_mobile=&#8221;&#8221;][\/vc_column][vc_column width=&#8221;1\/2&#8243; icons_position=&#8221;left&#8221;][\/vc_column][\/vc_row]<\/p>\n","protected":false},"excerpt":{"rendered":"<p>[vc_row equal_height=&#8221;yes&#8221;][vc_column width=&#8221;1\/2&#8243; icons_position=&#8221;left&#8221;][vc_single_image image=&#8221;1603&#8243; img_size=&#8221;full&#8221;][vc_empty_space height=&#8221;80px&#8221; alter_height=&#8221;none&#8221; hide_on_wide=&#8221;&#8221; hide_on_desktop=&#8221;1&#8243; hide_on_notebook=&#8221;1&#8243; hide_on_tablet=&#8221;&#8221; hide_on_mobile=&#8221;1&#8243;][vc_empty_space height=&#8221;30px&#8221; alter_height=&#8221;none&#8221; hide_on_wide=&#8221;&#8221; hide_on_desktop=&#8221;1&#8243; hide_on_notebook=&#8221;1&#8243; hide_on_tablet=&#8221;1&#8243; hide_on_mobile=&#8221;&#8221;][\/vc_column][vc_column width=&#8221;1\/2&#8243; hide_bg_image_on_tablet=&#8221;&#8221; hide_bg_image_on_mobile=&#8221;&#8221; icons_position=&#8221;left&#8221; css=&#8221;.vc_custom_1538486605489{margin-top: -13px !important;}&#8221;][vc_empty_space height=&#8221;130px&#8221; alter_height=&#8221;none&#8221;&hellip;<\/p>\n","protected":false},"author":1,"featured_media":0,"parent":0,"menu_order":0,"comment_status":"closed","ping_status":"closed","template":"","meta":{"footnotes":""},"_links":{"self":[{"href":"https:\/\/nutridados.com\/site\/wp-json\/wp\/v2\/pages\/90"}],"collection":[{"href":"https:\/\/nutridados.com\/site\/wp-json\/wp\/v2\/pages"}],"about":[{"href":"https:\/\/nutridados.com\/site\/wp-json\/wp\/v2\/types\/page"}],"author":[{"embeddable":true,"href":"https:\/\/nutridados.com\/site\/wp-json\/wp\/v2\/users\/1"}],"replies":[{"embeddable":true,"href":"https:\/\/nutridados.com\/site\/wp-json\/wp\/v2\/comments?post=90"}],"version-history":[{"count":18,"href":"https:\/\/nutridados.com\/site\/wp-json\/wp\/v2\/pages\/90\/revisions"}],"predecessor-version":[{"id":1756,"href":"https:\/\/nutridados.com\/site\/wp-json\/wp\/v2\/pages\/90\/revisions\/1756"}],"wp:attachment":[{"href":"https:\/\/nutridados.com\/site\/wp-json\/wp\/v2\/media?parent=90"}],"curies":[{"name":"wp","href":"https:\/\/api.w.org\/{rel}","templated":true}]}}